{"id":2,"date":"2014-04-14T14:28:17","date_gmt":"2014-04-14T12:28:17","guid":{"rendered":"https:\/\/www.gate-away.com\/blog\/?page_id=2"},"modified":"2023-09-04T10:01:00","modified_gmt":"2023-09-04T08:01:00","slug":"home","status":"publish","type":"page","link":"https:\/\/pt.gate-away.com\/blog\/","title":{"rendered":"Home"},"content":{"rendered":"","protected":false},"excerpt":{"rendered":"","protected":false},"author":1,"featured_media":0,"parent":0,"menu_order":0,"comment_status":"closed","ping_status":"closed","template":"","meta":{"_acf_changed":false,"footnotes":""},"class_list":["post-2","page","type-page","status-publish","hentry"],"acf":[],"yoast_head":"<!-- This site is optimized with the Yoast SEO plugin v27.5 - https:\/\/yoast.com\/product\/yoast-seo-wordpress\/ -->\n<title>Gate-away.com blog - O blog dos im\u00f3veis italianos<\/title>\n<meta name=\"description\" content=\"Guias especializados, artigos e not\u00edcias sobre It\u00e1lia e o seu mercado imobili\u00e1rio que o ajudar\u00e3o a tornar o seu processo de compra de uma casa e mudan\u00e7a para It\u00e1lia o mais suave poss\u00edvel.\" \/>\n<meta name=\"robots\" content=\"index, follow, max-snippet:-1, max-image-preview:large, max-video-preview:-1\" \/>\n<link rel=\"canonical\" href=\"https:\/\/pt.gate-away.com\/blog\/\" \/>\n<meta property=\"og:locale\" content=\"pt_PT\" \/>\n<meta property=\"og:type\" content=\"article\" \/>\n<meta property=\"og:title\" content=\"Gate-away.com blog - O blog dos im\u00f3veis italianos\" \/>\n<meta property=\"og:description\" content=\"Guias especializados, artigos e not\u00edcias sobre It\u00e1lia e o seu mercado imobili\u00e1rio que o ajudar\u00e3o a tornar o seu processo de compra de uma casa e mudan\u00e7a para It\u00e1lia o mais suave poss\u00edvel.\" \/>\n<meta property=\"og:url\" content=\"https:\/\/pt.gate-away.com\/blog\/\" \/>\n<meta property=\"og:site_name\" content=\"Gate-away.com blog\" \/>\n<meta property=\"article:publisher\" content=\"https:\/\/www.facebook.com\/GateAway\/\" \/>\n<meta property=\"article:modified_time\" content=\"2023-09-04T08:01:00+00:00\" \/>\n<script type=\"application\/ld+json\" class=\"yoast-schema-graph\">{\"@context\":\"https:\\\/\\\/schema.org\",\"@graph\":[{\"@type\":\"WebPage\",\"@id\":\"https:\\\/\\\/pt.gate-away.com\\\/blog\\\/\",\"url\":\"https:\\\/\\\/pt.gate-away.com\\\/blog\\\/\",\"name\":\"Gate-away.com blog - O blog dos im\u00f3veis italianos\",\"isPartOf\":{\"@id\":\"https:\\\/\\\/pt.gate-away.com\\\/blog\\\/#website\"},\"datePublished\":\"2014-04-14T12:28:17+00:00\",\"dateModified\":\"2023-09-04T08:01:00+00:00\",\"description\":\"Guias especializados, artigos e not\u00edcias sobre It\u00e1lia e o seu mercado imobili\u00e1rio que o ajudar\u00e3o a tornar o seu processo de compra de uma casa e mudan\u00e7a para It\u00e1lia o mais suave poss\u00edvel.\",\"breadcrumb\":{\"@id\":\"https:\\\/\\\/pt.gate-away.com\\\/blog\\\/#breadcrumb\"},\"inLanguage\":\"pt-PT\",\"potentialAction\":[{\"@type\":\"ReadAction\",\"target\":[\"https:\\\/\\\/pt.gate-away.com\\\/blog\\\/\"]}]},{\"@type\":\"BreadcrumbList\",\"@id\":\"https:\\\/\\\/pt.gate-away.com\\\/blog\\\/#breadcrumb\",\"itemListElement\":[{\"@type\":\"ListItem\",\"position\":1,\"name\":\"P\u00e1gina inicial\",\"item\":\"https:\\\/\\\/pt.gate-away.com\\\/blog\\\/\"},{\"@type\":\"ListItem\",\"position\":2,\"name\":\"Home\"}]},{\"@type\":\"WebSite\",\"@id\":\"https:\\\/\\\/pt.gate-away.com\\\/blog\\\/#website\",\"url\":\"https:\\\/\\\/pt.gate-away.com\\\/blog\\\/\",\"name\":\"Gate-away.com blog\",\"description\":\"O blog dos im\u00f3veis italianos\",\"potentialAction\":[{\"@type\":\"SearchAction\",\"target\":{\"@type\":\"EntryPoint\",\"urlTemplate\":\"https:\\\/\\\/pt.gate-away.com\\\/blog\\\/?s={search_term_string}\"},\"query-input\":{\"@type\":\"PropertyValueSpecification\",\"valueRequired\":true,\"valueName\":\"search_term_string\"}}],\"inLanguage\":\"pt-PT\"}]}<\/script>\n<!-- \/ Yoast SEO plugin. -->","yoast_head_json":{"title":"Gate-away.com blog - O blog dos im\u00f3veis italianos","description":"Guias especializados, artigos e not\u00edcias sobre It\u00e1lia e o seu mercado imobili\u00e1rio que o ajudar\u00e3o a tornar o seu processo de compra de uma casa e mudan\u00e7a para It\u00e1lia o mais suave poss\u00edvel.","robots":{"index":"index","follow":"follow","max-snippet":"max-snippet:-1","max-image-preview":"max-image-preview:large","max-video-preview":"max-video-preview:-1"},"canonical":"https:\/\/pt.gate-away.com\/blog\/","og_locale":"pt_PT","og_type":"article","og_title":"Gate-away.com blog - O blog dos im\u00f3veis italianos","og_description":"Guias especializados, artigos e not\u00edcias sobre It\u00e1lia e o seu mercado imobili\u00e1rio que o ajudar\u00e3o a tornar o seu processo de compra de uma casa e mudan\u00e7a para It\u00e1lia o mais suave poss\u00edvel.","og_url":"https:\/\/pt.gate-away.com\/blog\/","og_site_name":"Gate-away.com blog","article_publisher":"https:\/\/www.facebook.com\/GateAway\/","article_modified_time":"2023-09-04T08:01:00+00:00","schema":{"@context":"https:\/\/schema.org","@graph":[{"@type":"WebPage","@id":"https:\/\/pt.gate-away.com\/blog\/","url":"https:\/\/pt.gate-away.com\/blog\/","name":"Gate-away.com blog - O blog dos im\u00f3veis italianos","isPartOf":{"@id":"https:\/\/pt.gate-away.com\/blog\/#website"},"datePublished":"2014-04-14T12:28:17+00:00","dateModified":"2023-09-04T08:01:00+00:00","description":"Guias especializados, artigos e not\u00edcias sobre It\u00e1lia e o seu mercado imobili\u00e1rio que o ajudar\u00e3o a tornar o seu processo de compra de uma casa e mudan\u00e7a para It\u00e1lia o mais suave poss\u00edvel.","breadcrumb":{"@id":"https:\/\/pt.gate-away.com\/blog\/#breadcrumb"},"inLanguage":"pt-PT","potentialAction":[{"@type":"ReadAction","target":["https:\/\/pt.gate-away.com\/blog\/"]}]},{"@type":"BreadcrumbList","@id":"https:\/\/pt.gate-away.com\/blog\/#breadcrumb","itemListElement":[{"@type":"ListItem","position":1,"name":"P\u00e1gina inicial","item":"https:\/\/pt.gate-away.com\/blog\/"},{"@type":"ListItem","position":2,"name":"Home"}]},{"@type":"WebSite","@id":"https:\/\/pt.gate-away.com\/blog\/#website","url":"https:\/\/pt.gate-away.com\/blog\/","name":"Gate-away.com blog","description":"O blog dos im\u00f3veis italianos","potentialAction":[{"@type":"SearchAction","target":{"@type":"EntryPoint","urlTemplate":"https:\/\/pt.gate-away.com\/blog\/?s={search_term_string}"},"query-input":{"@type":"PropertyValueSpecification","valueRequired":true,"valueName":"search_term_string"}}],"inLanguage":"pt-PT"}]}},"_links":{"self":[{"href":"https:\/\/pt.gate-away.com\/blog\/wp-json\/wp\/v2\/pages\/2","targetHints":{"allow":["GET"]}}],"collection":[{"href":"https:\/\/pt.gate-away.com\/blog\/wp-json\/wp\/v2\/pages"}],"about":[{"href":"https:\/\/pt.gate-away.com\/blog\/wp-json\/wp\/v2\/types\/page"}],"author":[{"embeddable":true,"href":"https:\/\/pt.gate-away.com\/blog\/wp-json\/wp\/v2\/users\/1"}],"replies":[{"embeddable":true,"href":"https:\/\/pt.gate-away.com\/blog\/wp-json\/wp\/v2\/comments?post=2"}],"version-history":[{"count":16,"href":"https:\/\/pt.gate-away.com\/blog\/wp-json\/wp\/v2\/pages\/2\/revisions"}],"predecessor-version":[{"id":948,"href":"https:\/\/pt.gate-away.com\/blog\/wp-json\/wp\/v2\/pages\/2\/revisions\/948"}],"wp:attachment":[{"href":"https:\/\/pt.gate-away.com\/blog\/wp-json\/wp\/v2\/media?parent=2"}],"curies":[{"name":"wp","href":"https:\/\/api.w.org\/{rel}","templated":true}]}}