{"id":486,"date":"2021-02-22T16:04:18","date_gmt":"2021-02-22T15:04:18","guid":{"rendered":"https:\/\/pt.gate-away.com\/blog\/?page_id=486"},"modified":"2021-03-31T20:03:38","modified_gmt":"2021-03-31T18:03:38","slug":"guia-de-compra","status":"publish","type":"page","link":"https:\/\/pt.gate-away.com\/blog\/guia-de-compra\/","title":{"rendered":"Guia de compra"},"content":{"rendered":"\n<h2 class=\"wp-block-heading\">Um guia para comprar um im\u00f3vel em It\u00e1lia<\/h2>\n\n\n\n<p>Benvenuti a casa em It\u00e1lia, ou bem-vindo a casa em It\u00e1lia. Gate-away.com tem o prazer de fornecer este guia completo de compra de im\u00f3veis italiano a uma clientela internacional em crescimento que procura im\u00f3veis aqui. Neste guia online os estrangeiros encontrar\u00e3o conselhos s\u00f3lidos sobre o processo de compra de propriedade imobili\u00e1ria italiana, incluindo dicas s\u00f3lidas relacionadas com impostos, taxas, comiss\u00f5es e outros custos. Al\u00e9m de oferecer informa\u00e7\u00f5es maravilhosas sobre como comprar, este guia tamb\u00e9m manter\u00e1 os nossos investidores n\u00e3o italianos informados sobre armadilhas burocr\u00e1ticas e outros dilemas de compra de casa que de outra forma poderiam trope\u00e7ar no comprador despreparado. Utilize o guia para facilitar o seu caminho para a terra de la dolce vita, a boa vida italiana.<\/p>\n","protected":false},"excerpt":{"rendered":"<p>Um guia para comprar um im\u00f3vel em It\u00e1lia Benvenuti a casa em It\u00e1lia, ou bem-vindo a &hellip; <a class=\"card__read-more\" href=\"https:\/\/pt.gate-away.com\/blog\/guia-de-compra\/\">Ler mais <span class=\"icon\"><br \/>\n    <svg aria-hidden=\"true\" focusable=\"false\">\n        <use xlink:href=\"https:\/\/pt.gate-away.com\/blog\/wp-content\/themes\/gateaway\/dist\/icons\/icons.svg#assets--src--icons--arrow-right\"><\/use>\n    <\/svg><br \/>\n<\/span><br \/>\n<\/a><\/p>\n","protected":false},"author":1,"featured_media":0,"parent":0,"menu_order":0,"comment_status":"closed","ping_status":"closed","template":"page-templates\/buying-guide.php","meta":{"_acf_changed":false,"footnotes":""},"class_list":["post-486","page","type-page","status-publish","hentry"],"acf":[],"yoast_head":"<!-- This site is optimized with the Yoast SEO plugin v27.4 - https:\/\/yoast.com\/product\/yoast-seo-wordpress\/ -->\n<title>Guia de compra - Gate-away.com blog<\/title>\n<meta name=\"description\" content=\"Um guia completo para a compra de um im\u00f3vel em It\u00e1lia. O processo de compra de im\u00f3veis em It\u00e1lia, com dicas \u00fateis sobre impostos, taxas, comiss\u00f5es, e outros custos.\" \/>\n<meta name=\"robots\" content=\"index, follow, max-snippet:-1, max-image-preview:large, max-video-preview:-1\" \/>\n<link rel=\"canonical\" href=\"https:\/\/pt.gate-away.com\/blog\/guia-de-compra\/\" \/>\n<meta property=\"og:locale\" content=\"pt_PT\" \/>\n<meta property=\"og:type\" content=\"article\" \/>\n<meta property=\"og:title\" content=\"Guia de compra - Gate-away.com blog\" \/>\n<meta property=\"og:description\" content=\"Um guia completo para a compra de um im\u00f3vel em It\u00e1lia. O processo de compra de im\u00f3veis em It\u00e1lia, com dicas \u00fateis sobre impostos, taxas, comiss\u00f5es, e outros custos.\" \/>\n<meta property=\"og:url\" content=\"https:\/\/pt.gate-away.com\/blog\/guia-de-compra\/\" \/>\n<meta property=\"og:site_name\" content=\"Gate-away.com blog\" \/>\n<meta property=\"article:publisher\" content=\"https:\/\/www.facebook.com\/GateAway\/\" \/>\n<meta property=\"article:modified_time\" content=\"2021-03-31T18:03:38+00:00\" \/>\n<meta name=\"twitter:label1\" content=\"Tempo estimado de leitura\" \/>\n\t<meta name=\"twitter:data1\" content=\"1 minuto\" \/>\n<script type=\"application\/ld+json\" class=\"yoast-schema-graph\">{\"@context\":\"https:\\\/\\\/schema.org\",\"@graph\":[{\"@type\":\"WebPage\",\"@id\":\"https:\\\/\\\/pt.gate-away.com\\\/blog\\\/guia-de-compra\\\/\",\"url\":\"https:\\\/\\\/pt.gate-away.com\\\/blog\\\/guia-de-compra\\\/\",\"name\":\"Guia de compra - Gate-away.com blog\",\"isPartOf\":{\"@id\":\"https:\\\/\\\/pt.gate-away.com\\\/blog\\\/#website\"},\"datePublished\":\"2021-02-22T15:04:18+00:00\",\"dateModified\":\"2021-03-31T18:03:38+00:00\",\"description\":\"Um guia completo para a compra de um im\u00f3vel em It\u00e1lia. O processo de compra de im\u00f3veis em It\u00e1lia, com dicas \u00fateis sobre impostos, taxas, comiss\u00f5es, e outros custos.\",\"breadcrumb\":{\"@id\":\"https:\\\/\\\/pt.gate-away.com\\\/blog\\\/guia-de-compra\\\/#breadcrumb\"},\"inLanguage\":\"pt-PT\",\"potentialAction\":[{\"@type\":\"ReadAction\",\"target\":[\"https:\\\/\\\/pt.gate-away.com\\\/blog\\\/guia-de-compra\\\/\"]}]},{\"@type\":\"BreadcrumbList\",\"@id\":\"https:\\\/\\\/pt.gate-away.com\\\/blog\\\/guia-de-compra\\\/#breadcrumb\",\"itemListElement\":[{\"@type\":\"ListItem\",\"position\":1,\"name\":\"P\u00e1gina inicial\",\"item\":\"https:\\\/\\\/pt.gate-away.com\\\/blog\\\/\"},{\"@type\":\"ListItem\",\"position\":2,\"name\":\"Guia de compra\"}]},{\"@type\":\"WebSite\",\"@id\":\"https:\\\/\\\/pt.gate-away.com\\\/blog\\\/#website\",\"url\":\"https:\\\/\\\/pt.gate-away.com\\\/blog\\\/\",\"name\":\"Gate-away.com blog\",\"description\":\"O blog dos im\u00f3veis italianos\",\"potentialAction\":[{\"@type\":\"SearchAction\",\"target\":{\"@type\":\"EntryPoint\",\"urlTemplate\":\"https:\\\/\\\/pt.gate-away.com\\\/blog\\\/?s={search_term_string}\"},\"query-input\":{\"@type\":\"PropertyValueSpecification\",\"valueRequired\":true,\"valueName\":\"search_term_string\"}}],\"inLanguage\":\"pt-PT\"}]}<\/script>\n<!-- \/ Yoast SEO plugin. -->","yoast_head_json":{"title":"Guia de compra - Gate-away.com blog","description":"Um guia completo para a compra de um im\u00f3vel em It\u00e1lia. O processo de compra de im\u00f3veis em It\u00e1lia, com dicas \u00fateis sobre impostos, taxas, comiss\u00f5es, e outros custos.","robots":{"index":"index","follow":"follow","max-snippet":"max-snippet:-1","max-image-preview":"max-image-preview:large","max-video-preview":"max-video-preview:-1"},"canonical":"https:\/\/pt.gate-away.com\/blog\/guia-de-compra\/","og_locale":"pt_PT","og_type":"article","og_title":"Guia de compra - Gate-away.com blog","og_description":"Um guia completo para a compra de um im\u00f3vel em It\u00e1lia. O processo de compra de im\u00f3veis em It\u00e1lia, com dicas \u00fateis sobre impostos, taxas, comiss\u00f5es, e outros custos.","og_url":"https:\/\/pt.gate-away.com\/blog\/guia-de-compra\/","og_site_name":"Gate-away.com blog","article_publisher":"https:\/\/www.facebook.com\/GateAway\/","article_modified_time":"2021-03-31T18:03:38+00:00","twitter_misc":{"Tempo estimado de leitura":"1 minuto"},"schema":{"@context":"https:\/\/schema.org","@graph":[{"@type":"WebPage","@id":"https:\/\/pt.gate-away.com\/blog\/guia-de-compra\/","url":"https:\/\/pt.gate-away.com\/blog\/guia-de-compra\/","name":"Guia de compra - Gate-away.com blog","isPartOf":{"@id":"https:\/\/pt.gate-away.com\/blog\/#website"},"datePublished":"2021-02-22T15:04:18+00:00","dateModified":"2021-03-31T18:03:38+00:00","description":"Um guia completo para a compra de um im\u00f3vel em It\u00e1lia. O processo de compra de im\u00f3veis em It\u00e1lia, com dicas \u00fateis sobre impostos, taxas, comiss\u00f5es, e outros custos.","breadcrumb":{"@id":"https:\/\/pt.gate-away.com\/blog\/guia-de-compra\/#breadcrumb"},"inLanguage":"pt-PT","potentialAction":[{"@type":"ReadAction","target":["https:\/\/pt.gate-away.com\/blog\/guia-de-compra\/"]}]},{"@type":"BreadcrumbList","@id":"https:\/\/pt.gate-away.com\/blog\/guia-de-compra\/#breadcrumb","itemListElement":[{"@type":"ListItem","position":1,"name":"P\u00e1gina inicial","item":"https:\/\/pt.gate-away.com\/blog\/"},{"@type":"ListItem","position":2,"name":"Guia de compra"}]},{"@type":"WebSite","@id":"https:\/\/pt.gate-away.com\/blog\/#website","url":"https:\/\/pt.gate-away.com\/blog\/","name":"Gate-away.com blog","description":"O blog dos im\u00f3veis italianos","potentialAction":[{"@type":"SearchAction","target":{"@type":"EntryPoint","urlTemplate":"https:\/\/pt.gate-away.com\/blog\/?s={search_term_string}"},"query-input":{"@type":"PropertyValueSpecification","valueRequired":true,"valueName":"search_term_string"}}],"inLanguage":"pt-PT"}]}},"_links":{"self":[{"href":"https:\/\/pt.gate-away.com\/blog\/wp-json\/wp\/v2\/pages\/486","targetHints":{"allow":["GET"]}}],"collection":[{"href":"https:\/\/pt.gate-away.com\/blog\/wp-json\/wp\/v2\/pages"}],"about":[{"href":"https:\/\/pt.gate-away.com\/blog\/wp-json\/wp\/v2\/types\/page"}],"author":[{"embeddable":true,"href":"https:\/\/pt.gate-away.com\/blog\/wp-json\/wp\/v2\/users\/1"}],"replies":[{"embeddable":true,"href":"https:\/\/pt.gate-away.com\/blog\/wp-json\/wp\/v2\/comments?post=486"}],"version-history":[{"count":0,"href":"https:\/\/pt.gate-away.com\/blog\/wp-json\/wp\/v2\/pages\/486\/revisions"}],"wp:attachment":[{"href":"https:\/\/pt.gate-away.com\/blog\/wp-json\/wp\/v2\/media?parent=486"}],"curies":[{"name":"wp","href":"https:\/\/api.w.org\/{rel}","templated":true}]}}